{"id":1788,"date":"2025-06-23T20:26:43","date_gmt":"2025-06-23T19:26:43","guid":{"rendered":"http:\/\/www.xn--guldhjlmscupen-bib.se\/wp\/?page_id=1788"},"modified":"2025-06-23T20:27:20","modified_gmt":"2025-06-23T19:27:20","slug":"arkiv-2022","status":"publish","type":"page","link":"http:\/\/www.xn--guldhjlmscupen-bib.se\/wp\/about\/arkiv-2022\/","title":{"rendered":"Arkiv 2022"},"content":{"rendered":"\n<p>Sparade dokument fr\u00e5n s\u00e4songen 2022<\/p>\n\n\n\n<div class=\"wp-block-file\"><a id=\"wp-block-file--media-077f5c43-73df-413d-a3e0-24f4d2181fb0\" href=\"http:\/\/www.xn--guldhjlmscupen-bib.se\/wp\/wp-content\/uploads\/2025\/06\/Poangstallning-Guldhjalmscupen-2022-1.pdf\">Po\u00e4ngst\u00e4llning Guldhj\u00e4lmscupen 2022<\/a><a href=\"http:\/\/www.xn--guldhjlmscupen-bib.se\/wp\/wp-content\/uploads\/2025\/06\/Poangstallning-Guldhjalmscupen-2022-1.pdf\" class=\"wp-block-file__button wp-element-button\" download aria-describedby=\"wp-block-file--media-077f5c43-73df-413d-a3e0-24f4d2181fb0\">Ladda ner<\/a><\/div>\n\n\n\n<div class=\"wp-block-file\"><a id=\"wp-block-file--media-c8093713-11b3-4fce-b0f9-757a43144dfb\" href=\"http:\/\/www.xn--guldhjlmscupen-bib.se\/wp\/wp-content\/uploads\/2025\/06\/SodaPDF-merged-Merging-Result.pdf\">Resultat delt\u00e4vling 2<\/a><a href=\"http:\/\/www.xn--guldhjlmscupen-bib.se\/wp\/wp-content\/uploads\/2025\/06\/SodaPDF-merged-Merging-Result.pdf\" class=\"wp-block-file__button wp-element-button\" download aria-describedby=\"wp-block-file--media-c8093713-11b3-4fce-b0f9-757a43144dfb\">Ladda ner<\/a><\/div>\n\n\n\n<div class=\"wp-block-file\"><a id=\"wp-block-file--media-5597507a-c189-4cd5-9705-4c24d24e4ef8\" href=\"http:\/\/www.xn--guldhjlmscupen-bib.se\/wp\/wp-content\/uploads\/2025\/06\/SodaPDF-merged-Merging-Result-1.pdf\">Resultat delt\u00e4vling 3<\/a><a href=\"http:\/\/www.xn--guldhjlmscupen-bib.se\/wp\/wp-content\/uploads\/2025\/06\/SodaPDF-merged-Merging-Result-1.pdf\" class=\"wp-block-file__button wp-element-button\" download aria-describedby=\"wp-block-file--media-5597507a-c189-4cd5-9705-4c24d24e4ef8\">Ladda ner<\/a><\/div>\n\n\n\n<div class=\"wp-block-file\"><a id=\"wp-block-file--media-1267b01f-41d8-4b83-87ce-de2910e7a423\" href=\"http:\/\/www.xn--guldhjlmscupen-bib.se\/wp\/wp-content\/uploads\/2025\/06\/SodaPDF-merged-Merging-Result-2.pdf\">Resultat delt\u00e4vling 4<\/a><a href=\"http:\/\/www.xn--guldhjlmscupen-bib.se\/wp\/wp-content\/uploads\/2025\/06\/SodaPDF-merged-Merging-Result-2.pdf\" class=\"wp-block-file__button wp-element-button\" download aria-describedby=\"wp-block-file--media-1267b01f-41d8-4b83-87ce-de2910e7a423\">Ladda ner<\/a><\/div>\n\n\n\n<div class=\"wp-block-file\"><a id=\"wp-block-file--media-4b2d6267-f18a-4bf8-a4a2-71e83119f756\" href=\"http:\/\/www.xn--guldhjlmscupen-bib.se\/wp\/wp-content\/uploads\/2025\/06\/SodaPDF-merged-Merging-Result-3.pdf\">Resultat delt\u00e4vling 5<\/a><a href=\"http:\/\/www.xn--guldhjlmscupen-bib.se\/wp\/wp-content\/uploads\/2025\/06\/SodaPDF-merged-Merging-Result-3.pdf\" class=\"wp-block-file__button wp-element-button\" download aria-describedby=\"wp-block-file--media-4b2d6267-f18a-4bf8-a4a2-71e83119f756\">Ladda ner<\/a><\/div>\n\n\n\n<div class=\"wp-block-file\"><a id=\"wp-block-file--media-132eb1d3-4c1b-49ad-8c3b-8d1cffda3dee\" href=\"http:\/\/www.xn--guldhjlmscupen-bib.se\/wp\/wp-content\/uploads\/2025\/06\/SodaPDF-merged-Merging-Result-4.pdf\">Resultat delt\u00e4vling 6<\/a><a href=\"http:\/\/www.xn--guldhjlmscupen-bib.se\/wp\/wp-content\/uploads\/2025\/06\/SodaPDF-merged-Merging-Result-4.pdf\" class=\"wp-block-file__button wp-element-button\" download aria-describedby=\"wp-block-file--media-132eb1d3-4c1b-49ad-8c3b-8d1cffda3dee\">Ladda ner<\/a><\/div>\n\n\n\n<div class=\"wp-block-file\"><a id=\"wp-block-file--media-e879a152-ae69-4b1d-a32b-e2c2b7a9c147\" href=\"http:\/\/www.xn--guldhjlmscupen-bib.se\/wp\/wp-content\/uploads\/2025\/06\/SodaPDF-merged-Merging-Result-5.pdf\">Resultat delt\u00e4vling 7<\/a><a href=\"http:\/\/www.xn--guldhjlmscupen-bib.se\/wp\/wp-content\/uploads\/2025\/06\/SodaPDF-merged-Merging-Result-5.pdf\" class=\"wp-block-file__button wp-element-button\" download aria-describedby=\"wp-block-file--media-e879a152-ae69-4b1d-a32b-e2c2b7a9c147\">Ladda ner<\/a><\/div>\n\n\n\n<p><\/p>\n","protected":false},"excerpt":{"rendered":"<p>Sparade dokument fr\u00e5n s\u00e4songen 2022<\/p>\n","protected":false},"author":1,"featured_media":0,"parent":2,"menu_order":0,"comment_status":"closed","ping_status":"closed","template":"","meta":{"footnotes":""},"class_list":["post-1788","page","type-page","status-publish","hentry"],"_links":{"self":[{"href":"http:\/\/www.xn--guldhjlmscupen-bib.se\/wp\/wp-json\/wp\/v2\/pages\/1788","targetHints":{"allow":["GET"]}}],"collection":[{"href":"http:\/\/www.xn--guldhjlmscupen-bib.se\/wp\/wp-json\/wp\/v2\/pages"}],"about":[{"href":"http:\/\/www.xn--guldhjlmscupen-bib.se\/wp\/wp-json\/wp\/v2\/types\/page"}],"author":[{"embeddable":true,"href":"http:\/\/www.xn--guldhjlmscupen-bib.se\/wp\/wp-json\/wp\/v2\/users\/1"}],"replies":[{"embeddable":true,"href":"http:\/\/www.xn--guldhjlmscupen-bib.se\/wp\/wp-json\/wp\/v2\/comments?post=1788"}],"version-history":[{"count":1,"href":"http:\/\/www.xn--guldhjlmscupen-bib.se\/wp\/wp-json\/wp\/v2\/pages\/1788\/revisions"}],"predecessor-version":[{"id":1796,"href":"http:\/\/www.xn--guldhjlmscupen-bib.se\/wp\/wp-json\/wp\/v2\/pages\/1788\/revisions\/1796"}],"up":[{"embeddable":true,"href":"http:\/\/www.xn--guldhjlmscupen-bib.se\/wp\/wp-json\/wp\/v2\/pages\/2"}],"wp:attachment":[{"href":"http:\/\/www.xn--guldhjlmscupen-bib.se\/wp\/wp-json\/wp\/v2\/media?parent=1788"}],"curies":[{"name":"wp","href":"https:\/\/api.w.org\/{rel}","templated":true}]}}