{"id":11,"date":"2016-01-29T13:15:14","date_gmt":"2016-01-29T13:15:14","guid":{"rendered":"http:\/\/www.xn--guldhjlmscupen-bib.se\/wp\/?page_id=11"},"modified":"2016-01-29T13:27:21","modified_gmt":"2016-01-29T13:27:21","slug":"arkiv-2013","status":"publish","type":"page","link":"http:\/\/www.xn--guldhjlmscupen-bib.se\/wp\/about\/arkiv-2013\/","title":{"rendered":"Arkiv 2013"},"content":{"rendered":"<p>Sparade dokument fr\u00e5n s\u00e4songen 2013<\/p>\n<p><a href=\"http:\/\/www.xn--guldhjlmscupen-bib.se\/wp\/wp-content\/uploads\/2016\/01\/guldhjalmar2013.jpg\" rel=\"attachment wp-att-12\"><img loading=\"lazy\" decoding=\"async\" class=\"alignnone size-full wp-image-12\" src=\"http:\/\/www.xn--guldhjlmscupen-bib.se\/wp\/wp-content\/uploads\/2016\/01\/guldhjalmar2013.jpg\" alt=\"Guldhj\u00e4lmsvinnare 2013\" width=\"450\" height=\"297\" srcset=\"http:\/\/www.xn--guldhjlmscupen-bib.se\/wp\/wp-content\/uploads\/2016\/01\/guldhjalmar2013.jpg 450w, http:\/\/www.xn--guldhjlmscupen-bib.se\/wp\/wp-content\/uploads\/2016\/01\/guldhjalmar2013-300x198.jpg 300w, http:\/\/www.xn--guldhjlmscupen-bib.se\/wp\/wp-content\/uploads\/2016\/01\/guldhjalmar2013-100x66.jpg 100w, http:\/\/www.xn--guldhjlmscupen-bib.se\/wp\/wp-content\/uploads\/2016\/01\/guldhjalmar2013-150x99.jpg 150w, http:\/\/www.xn--guldhjlmscupen-bib.se\/wp\/wp-content\/uploads\/2016\/01\/guldhjalmar2013-200x132.jpg 200w\" sizes=\"auto, (max-width: 450px) 100vw, 450px\" \/><\/a><\/p>\n<p><a href=\"http:\/\/www.xn--guldhjlmscupen-bib.se\/wp\/wp-content\/uploads\/2016\/01\/guldhjalmscupen_2013_totalresultat.pdf\" target=\"_blank\" rel=\"\">Slutlig po\u00e4ngst\u00e4llning Guldhj\u00e4lmscupen 2013<\/a><\/p>\n<p><a href=\"http:\/\/www.xn--guldhjlmscupen-bib.se\/wp\/wp-content\/uploads\/2016\/01\/guldhjalmscupen_2013-1_resultat.pdf\" target=\"_blank\" rel=\"\">Resultat delt\u00e4vling 1<\/a><\/p>\n<p><a href=\"http:\/\/www.xn--guldhjlmscupen-bib.se\/wp\/wp-content\/uploads\/2016\/01\/guldhjalmscupen_2013-2_resultat.htm\" target=\"_blank\" rel=\"\">Resultat delt\u00e4vling 2<\/a><\/p>\n<p><a href=\"http:\/\/www.xn--guldhjlmscupen-bib.se\/wp\/wp-content\/uploads\/2016\/01\/guldhjalmscupen_2013-3_resultat.pdf\" target=\"_blank\" rel=\"\">Resultat delt\u00e4vling 3<\/a><\/p>\n","protected":false},"excerpt":{"rendered":"<p>Sparade dokument fr\u00e5n s\u00e4songen 2013 Slutlig po\u00e4ngst\u00e4llning Guldhj\u00e4lmscupen 2013 Resultat delt\u00e4vling 1 Resultat delt\u00e4vling 2 Resultat delt\u00e4vling 3<\/p>\n","protected":false},"author":1,"featured_media":0,"parent":2,"menu_order":0,"comment_status":"closed","ping_status":"closed","template":"","meta":{"footnotes":""},"class_list":["post-11","page","type-page","status-publish","hentry"],"_links":{"self":[{"href":"http:\/\/www.xn--guldhjlmscupen-bib.se\/wp\/wp-json\/wp\/v2\/pages\/11","targetHints":{"allow":["GET"]}}],"collection":[{"href":"http:\/\/www.xn--guldhjlmscupen-bib.se\/wp\/wp-json\/wp\/v2\/pages"}],"about":[{"href":"http:\/\/www.xn--guldhjlmscupen-bib.se\/wp\/wp-json\/wp\/v2\/types\/page"}],"author":[{"embeddable":true,"href":"http:\/\/www.xn--guldhjlmscupen-bib.se\/wp\/wp-json\/wp\/v2\/users\/1"}],"replies":[{"embeddable":true,"href":"http:\/\/www.xn--guldhjlmscupen-bib.se\/wp\/wp-json\/wp\/v2\/comments?post=11"}],"version-history":[{"count":3,"href":"http:\/\/www.xn--guldhjlmscupen-bib.se\/wp\/wp-json\/wp\/v2\/pages\/11\/revisions"}],"predecessor-version":[{"id":39,"href":"http:\/\/www.xn--guldhjlmscupen-bib.se\/wp\/wp-json\/wp\/v2\/pages\/11\/revisions\/39"}],"up":[{"embeddable":true,"href":"http:\/\/www.xn--guldhjlmscupen-bib.se\/wp\/wp-json\/wp\/v2\/pages\/2"}],"wp:attachment":[{"href":"http:\/\/www.xn--guldhjlmscupen-bib.se\/wp\/wp-json\/wp\/v2\/media?parent=11"}],"curies":[{"name":"wp","href":"https:\/\/api.w.org\/{rel}","templated":true}]}}