{"id":1025,"date":"2018-12-05T20:40:44","date_gmt":"2018-12-05T19:40:44","guid":{"rendered":"http:\/\/www.xn--guldhjlmscupen-bib.se\/wp\/?page_id=1025"},"modified":"2018-12-05T20:40:44","modified_gmt":"2018-12-05T19:40:44","slug":"arkiv-2016","status":"publish","type":"page","link":"http:\/\/www.xn--guldhjlmscupen-bib.se\/wp\/about\/arkiv-2016\/","title":{"rendered":"Arkiv 2016"},"content":{"rendered":"<p>Sparade dokument fr\u00e5n s\u00e4songen 2016<\/p>\n<p><a href=\"http:\/\/www.xn--guldhjlmscupen-bib.se\/wp\/wp-content\/uploads\/2018\/12\/Po\u00e4ngst\u00e4llning-Guldhj\u00e4lmscupen-2016.pdf\" target=\"_blank\" rel=\"noopener\">Slutlig po\u00e4ngst\u00e4llning Guldhj\u00e4lmscupen 2016<\/a><\/p>\n<p><a href=\"http:\/\/www.xn--guldhjlmscupen-bib.se\/wp\/wp-content\/uploads\/2018\/12\/Merging-Result.pdf\" target=\"_blank\" rel=\"noopener\">Resultat delt\u00e4vling 1<\/a><\/p>\n<p><a href=\"http:\/\/www.xn--guldhjlmscupen-bib.se\/wp\/wp-content\/uploads\/2018\/12\/Merging-Result-1.pdf\" target=\"_blank\" rel=\"noopener\">Resultat delt\u00e4vling 2<\/a><\/p>\n<p><a href=\"http:\/\/www.xn--guldhjlmscupen-bib.se\/wp\/wp-content\/uploads\/2018\/12\/Download-File.pdf\" target=\"_blank\" rel=\"noopener\">Resultat delt\u00e4vling 3<\/a><\/p>\n<p><a href=\"http:\/\/www.xn--guldhjlmscupen-bib.se\/wp\/wp-content\/uploads\/2018\/12\/sammanfogat_dokument.pdf\" target=\"_blank\" rel=\"noopener\">Resultat delt\u00e4vling 4<\/a><\/p>\n<p><a href=\"http:\/\/www.xn--guldhjlmscupen-bib.se\/wp\/wp-content\/uploads\/2018\/12\/sammanfogat_dokument_2.pdf\" target=\"_blank\" rel=\"noopener\">Resultat delt\u00e4vling 5<\/a><\/p>\n","protected":false},"excerpt":{"rendered":"<p>Sparade dokument fr\u00e5n s\u00e4songen 2016 Slutlig po\u00e4ngst\u00e4llning Guldhj\u00e4lmscupen 2016 Resultat delt\u00e4vling 1 Resultat delt\u00e4vling 2 Resultat delt\u00e4vling 3 Resultat delt\u00e4vling 4 Resultat delt\u00e4vling 5<\/p>\n","protected":false},"author":1,"featured_media":0,"parent":2,"menu_order":0,"comment_status":"closed","ping_status":"closed","template":"","meta":{"footnotes":""},"class_list":["post-1025","page","type-page","status-publish","hentry"],"_links":{"self":[{"href":"http:\/\/www.xn--guldhjlmscupen-bib.se\/wp\/wp-json\/wp\/v2\/pages\/1025","targetHints":{"allow":["GET"]}}],"collection":[{"href":"http:\/\/www.xn--guldhjlmscupen-bib.se\/wp\/wp-json\/wp\/v2\/pages"}],"about":[{"href":"http:\/\/www.xn--guldhjlmscupen-bib.se\/wp\/wp-json\/wp\/v2\/types\/page"}],"author":[{"embeddable":true,"href":"http:\/\/www.xn--guldhjlmscupen-bib.se\/wp\/wp-json\/wp\/v2\/users\/1"}],"replies":[{"embeddable":true,"href":"http:\/\/www.xn--guldhjlmscupen-bib.se\/wp\/wp-json\/wp\/v2\/comments?post=1025"}],"version-history":[{"count":1,"href":"http:\/\/www.xn--guldhjlmscupen-bib.se\/wp\/wp-json\/wp\/v2\/pages\/1025\/revisions"}],"predecessor-version":[{"id":1032,"href":"http:\/\/www.xn--guldhjlmscupen-bib.se\/wp\/wp-json\/wp\/v2\/pages\/1025\/revisions\/1032"}],"up":[{"embeddable":true,"href":"http:\/\/www.xn--guldhjlmscupen-bib.se\/wp\/wp-json\/wp\/v2\/pages\/2"}],"wp:attachment":[{"href":"http:\/\/www.xn--guldhjlmscupen-bib.se\/wp\/wp-json\/wp\/v2\/media?parent=1025"}],"curies":[{"name":"wp","href":"https:\/\/api.w.org\/{rel}","templated":true}]}}